{"id":469,"date":"2013-03-26T14:23:07","date_gmt":"2013-03-26T12:23:07","guid":{"rendered":"https:\/\/www.waldmeier.ch\/?page_id=469"},"modified":"2021-09-26T21:28:42","modified_gmt":"2021-09-26T19:28:42","slug":"formulaire_de_presentation","status":"publish","type":"page","link":"https:\/\/www.waldmeier.ch\/fr\/contact\/formulaire_de_presentation\/","title":{"rendered":"Formulaire nouveau client"},"content":{"rendered":"\t\t<div data-elementor-type=\"wp-page\" data-elementor-id=\"469\" class=\"elementor elementor-469\" data-elementor-post-type=\"page\">\n\t\t\t\t\t\t<section class=\"elementor-section elementor-top-section elementor-element elementor-element-c15873a elementor-section-boxed elementor-section-height-default elementor-section-height-default\" data-id=\"c15873a\" data-element_type=\"section\" data-e-type=\"section\">\n\t\t\t\t\t\t<div class=\"elementor-container elementor-column-gap-default\">\n\t\t\t\t\t<div class=\"elementor-column elementor-col-50 elementor-top-column elementor-element elementor-element-1ac8e3e8\" data-id=\"1ac8e3e8\" data-element_type=\"column\" data-e-type=\"column\">\n\t\t\t<div class=\"elementor-widget-wrap elementor-element-populated\">\n\t\t\t\t\t\t<div class=\"elementor-element elementor-element-2ab0ebf6 elementor-widget elementor-widget-text-editor\" data-id=\"2ab0ebf6\" data-element_type=\"widget\" data-e-type=\"widget\" data-widget_type=\"text-editor.default\">\n\t\t\t\t<div class=\"elementor-widget-container\">\n\t\t\t\t\t\t\t\t\t<h3><span style=\"color: #1e73be;\"><br \/>Demande d&#8217;un nouveau client<br \/><\/span><\/h3><p>Ch\u00e8re visiteuse, cher visiteur<\/p><p>En tant qu&#8217;importateur et distributeur de nombreuses marques <strong>connues, nous vendons exclusivement par l&#8217;interm\u00e9diaire du commerce.<\/strong><\/p>\t\t\t\t\t\t\t\t<\/div>\n\t\t\t\t<\/div>\n\t\t\t\t\t<\/div>\n\t\t<\/div>\n\t\t\t\t<div class=\"elementor-column elementor-col-50 elementor-top-column elementor-element elementor-element-74137055\" data-id=\"74137055\" data-element_type=\"column\" data-e-type=\"column\">\n\t\t\t<div class=\"elementor-widget-wrap elementor-element-populated\">\n\t\t\t\t\t\t<div class=\"elementor-element elementor-element-5f351a67 elementor-widget elementor-widget-image\" data-id=\"5f351a67\" data-element_type=\"widget\" data-e-type=\"widget\" data-widget_type=\"image.default\">\n\t\t\t\t<div class=\"elementor-widget-container\">\n\t\t\t\t\t\t\t\t\t\t\t\t\t\t\t<img fetchpriority=\"high\" decoding=\"async\" width=\"700\" height=\"319\" src=\"https:\/\/www.waldmeier.ch\/fr\/wp-content\/uploads\/sites\/6\/2021\/09\/neukundenanfrage.jpg\" class=\"attachment-full size-full wp-image-9688\" alt=\"demande d&#039;un nouveau client\" srcset=\"https:\/\/www.waldmeier.ch\/fr\/wp-content\/uploads\/sites\/6\/2021\/09\/neukundenanfrage.jpg 700w, https:\/\/www.waldmeier.ch\/fr\/wp-content\/uploads\/sites\/6\/2021\/09\/neukundenanfrage-300x137.jpg 300w\" sizes=\"(max-width: 700px) 100vw, 700px\" \/>\t\t\t\t\t\t\t\t\t\t\t\t\t\t\t<\/div>\n\t\t\t\t<\/div>\n\t\t\t\t\t<\/div>\n\t\t<\/div>\n\t\t\t\t\t<\/div>\n\t\t<\/section>\n\t\t\t\t<section class=\"elementor-section elementor-top-section elementor-element elementor-element-d13b3c6 elementor-section-boxed elementor-section-height-default elementor-section-height-default\" data-id=\"d13b3c6\" data-element_type=\"section\" data-e-type=\"section\">\n\t\t\t\t\t\t<div class=\"elementor-container elementor-column-gap-default\">\n\t\t\t\t\t<div class=\"elementor-column elementor-col-100 elementor-top-column elementor-element elementor-element-5213892\" data-id=\"5213892\" data-element_type=\"column\" data-e-type=\"column\">\n\t\t\t<div class=\"elementor-widget-wrap elementor-element-populated\">\n\t\t\t\t\t\t<div class=\"elementor-element elementor-element-6ef3081 elementor-widget elementor-widget-spacer\" data-id=\"6ef3081\" data-element_type=\"widget\" data-e-type=\"widget\" data-widget_type=\"spacer.default\">\n\t\t\t\t<div class=\"elementor-widget-container\">\n\t\t\t\t\t\t\t<div class=\"elementor-spacer\">\n\t\t\t<div class=\"elementor-spacer-inner\"><\/div>\n\t\t<\/div>\n\t\t\t\t\t\t<\/div>\n\t\t\t\t<\/div>\n\t\t\t\t\t<\/div>\n\t\t<\/div>\n\t\t\t\t\t<\/div>\n\t\t<\/section>\n\t\t\t\t<section class=\"elementor-section elementor-top-section elementor-element elementor-element-1efde1e elementor-section-boxed elementor-section-height-default elementor-section-height-default\" data-id=\"1efde1e\" data-element_type=\"section\" data-e-type=\"section\">\n\t\t\t\t\t\t<div class=\"elementor-container elementor-column-gap-default\">\n\t\t\t\t\t<div class=\"elementor-column elementor-col-100 elementor-top-column elementor-element elementor-element-8bf316b\" data-id=\"8bf316b\" data-element_type=\"column\" data-e-type=\"column\">\n\t\t\t<div class=\"elementor-widget-wrap elementor-element-populated\">\n\t\t\t\t\t\t<div class=\"elementor-element elementor-element-b5e03b0 elementor-widget elementor-widget-text-editor\" data-id=\"b5e03b0\" data-element_type=\"widget\" data-e-type=\"widget\" data-widget_type=\"text-editor.default\">\n\t\t\t\t<div class=\"elementor-widget-container\">\n\t\t\t\t\t\t\t\t\t<p><div class=\"everest-forms\"><div class=\"evf-container default\" id=\"evf-1592\"><form id=\"evf-form-1592\" class=\"everest-form\" data-formid=\"1592\" data-ajax_submission=\"0\" data-keyboard_friendly_form=\"0\" data-form_state_type=\"\" method=\"post\" enctype=\"multipart\/form-data\" action=\"\/fr\/wp-json\/wp\/v2\/pages\/469\"><div class=\"evf-field-container\"><input type=\"hidden\" id=\"_wpnonce1592\" name=\"_wpnonce1592\" value=\"855cad56b7\" \/><input type=\"hidden\" name=\"_wp_http_referer\" value=\"\/fr\/wp-json\/wp\/v2\/pages\/469\" \/><div class=\"evf-frontend-row\" data-row=\"row_1\" conditional_rules=\"[]\"><div class=\"evf-frontend-grid evf-grid-1\" data-grid=\"grid_1\"><div id=\"evf-1592-field_ewblFZ3hXz-5-container\" class=\"evf-field evf-field-text form-row validate-required\" data-required-field-message=\"Ce champ est obligatoire.\" data-field-id=\"ewblFZ3hXz-5\"><label class=\"evf-field-label\" for=\"evf-1592-field_ewblFZ3hXz-5\"><span class=\"evf-label\">Raison sociale (Champ obligatoire)<\/span> <abbr class=\"required\" title=\"N\u00e9cessaire\">*<\/abbr><\/label><input type=\"text\" id=\"evf-1592-field_ewblFZ3hXz-5\" class=\"input-text\" name=\"everest_forms[form_fields][ewblFZ3hXz-5]\" required><\/div><div id=\"evf-1592-field_Ca1V2v7Tis-6-container\" class=\"evf-field evf-field-text form-row validate-required\" data-required-field-message=\"Ce champ est obligatoire.\" data-field-id=\"Ca1V2v7Tis-6\"><label class=\"evf-field-label\" for=\"evf-1592-field_Ca1V2v7Tis-6\"><span class=\"evf-label\">Adresse (Champ obligatoire)<\/span> <abbr class=\"required\" title=\"N\u00e9cessaire\">*<\/abbr><\/label><input type=\"text\" id=\"evf-1592-field_Ca1V2v7Tis-6\" class=\"input-text\" name=\"everest_forms[form_fields][Ca1V2v7Tis-6]\" required><\/div><div id=\"evf-1592-field_NFtrEwkKOJ-7-container\" class=\"evf-field evf-field-text form-row validate-required\" data-required-field-message=\"Ce champ est obligatoire.\" data-field-id=\"NFtrEwkKOJ-7\"><label class=\"evf-field-label\" for=\"evf-1592-field_NFtrEwkKOJ-7\"><span class=\"evf-label\">NPA, Lieu (Champ obligatoire)<\/span> <abbr class=\"required\" title=\"N\u00e9cessaire\">*<\/abbr><\/label><input type=\"text\" id=\"evf-1592-field_NFtrEwkKOJ-7\" class=\"input-text\" name=\"everest_forms[form_fields][NFtrEwkKOJ-7]\" required><\/div><div id=\"evf-1592-field_IFokiP9CrL-8-container\" class=\"evf-field evf-field-text form-row validate-required\" data-required-field-message=\"Ce champ est obligatoire.\" data-field-id=\"IFokiP9CrL-8\"><label class=\"evf-field-label\" for=\"evf-1592-field_IFokiP9CrL-8\"><span class=\"evf-label\">Responsable (Champ obligatoire)<\/span> <abbr class=\"required\" title=\"N\u00e9cessaire\">*<\/abbr><\/label><input type=\"text\" id=\"evf-1592-field_IFokiP9CrL-8\" class=\"input-text\" name=\"everest_forms[form_fields][IFokiP9CrL-8]\" required><\/div><div id=\"evf-1592-field_LJm3kHdYmq-20-container\" class=\"evf-field evf-field-number form-row validate-required\" data-required-field-message=\"Ce champ est obligatoire.\" data-field-id=\"LJm3kHdYmq-20\"><label class=\"evf-field-label\" for=\"evf-1592-field_LJm3kHdYmq-20\"><span class=\"evf-label\">T\u00e9l\u00e9phone (Champ obligatoire)<\/span> <abbr class=\"required\" title=\"N\u00e9cessaire\">*<\/abbr><\/label><input type=\"number\" id=\"evf-1592-field_LJm3kHdYmq-20\" class=\"input-text\" name=\"everest_forms[form_fields][LJm3kHdYmq-20]\" step=\"1\" required\/><\/div><div id=\"evf-1592-field_email-container\" class=\"evf-field evf-field-email form-row validate-required validate-email\" data-required-field-message=\"Veuillez saisir une adresse \u00e9lectronique valide.\" data-field-id=\"email\"><label class=\"evf-field-label\" for=\"evf-1592-field_email\"><span class=\"evf-label\">Email (Champ obligatoire)<\/span> <abbr class=\"required\" title=\"N\u00e9cessaire\">*<\/abbr><\/label><input type=\"email\" id=\"evf-1592-field_email\" class=\"input-text\" name=\"everest_forms[form_fields][email]\" required ><\/div><div id=\"evf-1592-field_BXxhhGxR47-12-container\" class=\"evf-field evf-field-url form-row\" data-field-id=\"BXxhhGxR47-12\"><label class=\"evf-field-label\" for=\"evf-1592-field_BXxhhGxR47-12\"><span class=\"evf-label\">Site web \/ URL<\/span> <\/label><input type=\"url\" id=\"evf-1592-field_BXxhhGxR47-12\" class=\"input-text\" name=\"everest_forms[form_fields][BXxhhGxR47-12]\" placeholder=\"www.\"  ><\/div><div id=\"evf-1592-field_2NLzGNnt33-15-container\" class=\"evf-field evf-field-text form-row\" data-field-id=\"2NLzGNnt33-15\"><label class=\"evf-field-label\" for=\"evf-1592-field_2NLzGNnt33-15\"><span class=\"evf-label\">Activit\u00e9 (branche)<\/span> <\/label><input type=\"text\" id=\"evf-1592-field_2NLzGNnt33-15\" class=\"input-text\" name=\"everest_forms[form_fields][2NLzGNnt33-15]\" ><\/div><div id=\"evf-1592-field_vf81ScUbHy-16-container\" class=\"evf-field evf-field-text form-row\" data-field-id=\"vf81ScUbHy-16\"><label class=\"evf-field-label\" for=\"evf-1592-field_vf81ScUbHy-16\"><span class=\"evf-label\">Surface totale du magasin<\/span> <\/label><input type=\"text\" id=\"evf-1592-field_vf81ScUbHy-16\" class=\"input-text\" name=\"everest_forms[form_fields][vf81ScUbHy-16]\" ><\/div><div id=\"evf-1592-field_LWVgzFj7qa-17-container\" class=\"evf-field evf-field-text form-row\" data-field-id=\"LWVgzFj7qa-17\"><label class=\"evf-field-label\" for=\"evf-1592-field_LWVgzFj7qa-17\"><span class=\"evf-label\">Commerce ouvert depuis<\/span> <\/label><input type=\"text\" id=\"evf-1592-field_LWVgzFj7qa-17\" class=\"input-text\" name=\"everest_forms[form_fields][LWVgzFj7qa-17]\" ><\/div><div id=\"evf-1592-field_Je2yfwGrpY-18-container\" class=\"evf-field evf-field-text form-row\" data-field-id=\"Je2yfwGrpY-18\"><label class=\"evf-field-label\" for=\"evf-1592-field_Je2yfwGrpY-18\"><span class=\"evf-label\">Registre de Commerce depuis<\/span> <\/label><input type=\"text\" id=\"evf-1592-field_Je2yfwGrpY-18\" class=\"input-text\" name=\"everest_forms[form_fields][Je2yfwGrpY-18]\" ><\/div><div id=\"evf-1592-field_message-container\" class=\"evf-field evf-field-textarea form-row\" data-field-id=\"message\"><label class=\"evf-field-label\" for=\"evf-1592-field_message\"><span class=\"evf-label\">Remarques<\/span> <\/label><textarea id=\"evf-1592-field_message\" class=\"input-text\" name=\"everest_forms[form_fields][message]\"  ><\/textarea><\/div><div id=\"evf-1592-field_h3WvKkreeZ-9-container\" class=\"evf-field evf-field-checkbox form-row validate-required\" data-required-field-message=\"Dieses Feld ist erforderlich.\" data-field-id=\"h3WvKkreeZ-9\"><label class=\"evf-field-label\" for=\"evf-1592-field_h3WvKkreeZ-9\"><span class=\"evf-label\">Veuillez accepter les termes et conditions pour continuer.<\/span> <abbr class=\"required\" title=\"N\u00e9cessaire\">*<\/abbr><\/label><ul id=\"evf-1592-field_h3WvKkreeZ-9\" class=\"everest-forms-randomize evf-field-required\" data-choice-limit=\"1\"><li class=\"choice-1 depth-1\"><input type=\"checkbox\" id=\"evf-1592-field_h3WvKkreeZ-9_1\" class=\"input-text\" data-rule-check-limit=\"true\" name=\"everest_forms[form_fields][h3WvKkreeZ-9][]\" value=\"Vous acceptez que vos donn\u00e9es soient utilis\u00e9es pour traiter votre demande. Vous trouverez de plus amples informations et des instructions de r\u00e9vocation dans la d\u00e9claration de protection des donn\u00e9es.\" required ><label class=\"everest-forms-field-label-inline\" for=\"evf-1592-field_h3WvKkreeZ-9_1\">Vous acceptez que vos donn\u00e9es soient utilis\u00e9es pour traiter votre demande. Vous trouverez de plus amples informations et des instructions de r\u00e9vocation dans la d\u00e9claration de protection des donn\u00e9es.<\/label><\/li><\/ul><\/div><\/div><\/div><\/div><div class=\"evf-honeypot-container evf-field-hp\"><label for=\"evf-1592-field-hp\" class=\"evf-field-label\">Name<\/label><input type=\"text\" name=\"everest_forms[hp]\" id=\"evf-1592-field-hp\" class=\"input-text\"><\/div><div class=\"evf-submit-container \" ><input type=\"hidden\" name=\"everest_forms[id]\" value=\"1592\"><input type=\"hidden\" name=\"everest_forms[author]\" value=\"12\"><button type='submit' name='everest_forms[submit]' class='everest-forms-submit-button button evf-submit ' id='evf-submit-1592' value='evf-submit' data-process-text=\"fabrication...\" conditional_rules='&quot;&quot;' conditional_id='evf-submit-1592'  id=\"evf-submit-1592\" aria-live=\"assertive\">Envoyer<\/button><\/div><\/form><\/div><!-- .evf-container --><\/div><\/p><p><a href=\"https:\/\/www.waldmeier.ch\/fr\/declaration-de-confidentialite\/\" target=\"_blank\" rel=\"noopener\"><strong>-&gt;D\u00e9claration de confidentialit\u00e9<\/strong><\/a><\/p>\t\t\t\t\t\t\t\t<\/div>\n\t\t\t\t<\/div>\n\t\t\t\t\t<\/div>\n\t\t<\/div>\n\t\t\t\t\t<\/div>\n\t\t<\/section>\n\t\t\t\t<\/div>\n\t\t","protected":false},"excerpt":{"rendered":"<p>Demande d&#8217;un nouveau client Ch\u00e8re visiteuse, cher visiteur En tant qu&#8217;importateur et distributeur de nombreuses marques connues, nous vendons exclusivement par l&#8217;interm\u00e9diaire du commerce. -&gt;D\u00e9claration [&hellip;]<\/p>\n","protected":false},"author":12,"featured_media":0,"parent":26,"menu_order":0,"comment_status":"closed","ping_status":"closed","template":"","meta":{"site-sidebar-layout":"default","site-content-layout":"boxed-container","ast-site-content-layout":"default","site-content-style":"default","site-sidebar-style":"default","ast-global-header-display":"","ast-banner-title-visibility":"","ast-main-header-display":"","ast-hfb-above-header-display":"","ast-hfb-below-header-display":"","ast-hfb-mobile-header-display":"","site-post-title":"disabled","ast-breadcrumbs-content":"","ast-featured-img":"","footer-sml-layout":"","ast-disable-related-posts":"","theme-transparent-header-meta":"default","adv-header-id-meta":"","stick-header-meta":"default","header-above-stick-meta":"","header-main-stick-meta":"","header-below-stick-meta":"","astra-migrate-meta-layouts":"default","ast-page-background-enabled":"default","ast-page-background-meta":{"desktop":{"background-color":"","background-image":"","background-repeat":"repeat","background-position":"center center","background-size":"auto","background-attachment":"scroll","background-type":"","background-media":"","overlay-type":"","overlay-color":"","overlay-opacity":"","overlay-gradient":""},"tablet":{"background-color":"","background-image":"","background-repeat":"repeat","background-position":"center center","background-size":"auto","background-attachment":"scroll","background-type":"","background-media":"","overlay-type":"","overlay-color":"","overlay-opacity":"","overlay-gradient":""},"mobile":{"background-color":"","background-image":"","background-repeat":"repeat","background-position":"center center","background-size":"auto","background-attachment":"scroll","background-type":"","background-media":"","overlay-type":"","overlay-color":"","overlay-opacity":"","overlay-gradient":""}},"ast-content-background-meta":{"desktop":{"background-color":"var(--ast-global-color-5)","background-image":"","background-repeat":"repeat","background-position":"center center","background-size":"auto","background-attachment":"scroll","background-type":"","background-media":"","overlay-type":"","overlay-color":"","overlay-opacity":"","overlay-gradient":""},"tablet":{"background-color":"var(--ast-global-color-5)","background-image":"","background-repeat":"repeat","background-position":"center center","background-size":"auto","background-attachment":"scroll","background-type":"","background-media":"","overlay-type":"","overlay-color":"","overlay-opacity":"","overlay-gradient":""},"mobile":{"background-color":"var(--ast-global-color-5)","background-image":"","background-repeat":"repeat","background-position":"center center","background-size":"auto","background-attachment":"scroll","background-type":"","background-media":"","overlay-type":"","overlay-color":"","overlay-opacity":"","overlay-gradient":""}},"footnotes":""},"class_list":["post-469","page","type-page","status-publish","hentry"],"_links":{"self":[{"href":"https:\/\/www.waldmeier.ch\/fr\/wp-json\/wp\/v2\/pages\/469","targetHints":{"allow":["GET"]}}],"collection":[{"href":"https:\/\/www.waldmeier.ch\/fr\/wp-json\/wp\/v2\/pages"}],"about":[{"href":"https:\/\/www.waldmeier.ch\/fr\/wp-json\/wp\/v2\/types\/page"}],"author":[{"embeddable":true,"href":"https:\/\/www.waldmeier.ch\/fr\/wp-json\/wp\/v2\/users\/12"}],"replies":[{"embeddable":true,"href":"https:\/\/www.waldmeier.ch\/fr\/wp-json\/wp\/v2\/comments?post=469"}],"version-history":[{"count":0,"href":"https:\/\/www.waldmeier.ch\/fr\/wp-json\/wp\/v2\/pages\/469\/revisions"}],"up":[{"embeddable":true,"href":"https:\/\/www.waldmeier.ch\/fr\/wp-json\/wp\/v2\/pages\/26"}],"wp:attachment":[{"href":"https:\/\/www.waldmeier.ch\/fr\/wp-json\/wp\/v2\/media?parent=469"}],"curies":[{"name":"wp","href":"https:\/\/api.w.org\/{rel}","templated":true}]}}