{"id":22,"date":"2013-03-12T23:31:06","date_gmt":"2013-03-12T22:31:06","guid":{"rendered":"https:\/\/www.waldmeier.ch\/?page_id=22"},"modified":"2024-10-23T18:59:22","modified_gmt":"2024-10-23T16:59:22","slug":"sur-nous","status":"publish","type":"page","link":"https:\/\/www.waldmeier.ch\/fr\/sur-nous\/","title":{"rendered":"Portrait"},"content":{"rendered":"\t\t<div data-elementor-type=\"wp-page\" data-elementor-id=\"22\" class=\"elementor elementor-22\" data-elementor-post-type=\"page\">\n\t\t\t\t<div class=\"elementor-element elementor-element-9504c32 e-con-full e-flex e-con e-parent\" data-id=\"9504c32\" data-element_type=\"container\" data-e-type=\"container\">\n\t\t<div class=\"elementor-element elementor-element-dd6e066 e-con-full e-flex e-con e-child\" data-id=\"dd6e066\" data-element_type=\"container\" data-e-type=\"container\">\n\t\t\t\t<div class=\"elementor-element elementor-element-ba30d45 elementor-widget elementor-widget-image\" data-id=\"ba30d45\" data-element_type=\"widget\" data-e-type=\"widget\" data-widget_type=\"image.default\">\n\t\t\t\t<div class=\"elementor-widget-container\">\n\t\t\t\t\t\t\t\t\t\t\t\t\t\t\t<img fetchpriority=\"high\" decoding=\"async\" width=\"800\" height=\"363\" src=\"https:\/\/www.waldmeier.ch\/fr\/wp-content\/uploads\/sites\/6\/2021\/09\/waldmeier_und_umwelt_unser_buerogebauede.jpg\" class=\"attachment-full size-full wp-image-7888\" alt=\"Waldmeier AG\" srcset=\"https:\/\/www.waldmeier.ch\/fr\/wp-content\/uploads\/sites\/6\/2021\/09\/waldmeier_und_umwelt_unser_buerogebauede.jpg 800w, https:\/\/www.waldmeier.ch\/fr\/wp-content\/uploads\/sites\/6\/2021\/09\/waldmeier_und_umwelt_unser_buerogebauede-300x136.jpg 300w, https:\/\/www.waldmeier.ch\/fr\/wp-content\/uploads\/sites\/6\/2021\/09\/waldmeier_und_umwelt_unser_buerogebauede-768x348.jpg 768w\" sizes=\"(max-width: 800px) 100vw, 800px\" \/>\t\t\t\t\t\t\t\t\t\t\t\t\t\t\t<\/div>\n\t\t\t\t<\/div>\n\t\t\t\t<\/div>\n\t\t<div class=\"elementor-element elementor-element-4a82cad e-con-full e-flex e-con e-child\" data-id=\"4a82cad\" data-element_type=\"container\" data-e-type=\"container\">\n\t\t\t\t<div class=\"elementor-element elementor-element-f3f49b2 elementor-widget elementor-widget-text-editor\" data-id=\"f3f49b2\" data-element_type=\"widget\" data-e-type=\"widget\" data-widget_type=\"text-editor.default\">\n\t\t\t\t<div class=\"elementor-widget-container\">\n\t\t\t\t\t\t\t\t\t<h3>Ch\u00e8re lectrice, cher lecteur<\/h3><p>Nous avons le plaisir de vous pr\u00e9senter l&#8217;entreprise Waldmeier SA.<br \/>Maintenir avec succ\u00e8s sur le march\u00e9 une entreprise commerciale leader dans le domaine des jouets de marque et de qualit\u00e9 pendant de nombreuses d\u00e9cennies requiert clairvoyance, continuit\u00e9, r\u00e9silience et capacit\u00e9 d&#8217;adaptation. Nous ne consid\u00e9rons pas les changements constants comme une nuisance, mais l&#8217;adaptation aux besoins du march\u00e9 comme notre devoir et notre force. Nous consid\u00e9rons l&#8217;\u00e9valuation de la direction que prend le march\u00e9 et des t\u00e2ches que notre entreprise pourra assumer \u00e0 l&#8217;avenir comme un d\u00e9fi que nous relevons en permanence et avec plaisir. Comme le stipule notre mission, nous souhaitons relier les fournisseurs aux clients de d\u00e9tail et en ligne de mani\u00e8re fiable, efficace, \u00e9conomique et orient\u00e9e vers les services. Nous y parvenons gr\u00e2ce \u00e0 une bonne \u00e9quipe exp\u00e9riment\u00e9e. Ensemble, nous pouvons \u00eatre fiers de ce que nous avons accompli. Vous d\u00e9couvrirez dans le texte suivant ce qui nous motive. Dans cet esprit, nous vous souhaitons beaucoup de plaisir \u00e0 cliquer et vous invitons \u00e0 &#8220;<strong>Play With Us !<\/strong>&#8220;<\/p><p>Direction de Waldmeier AG<\/p>\t\t\t\t\t\t\t\t<\/div>\n\t\t\t\t<\/div>\n\t\t\t\t<\/div>\n\t\t\t\t<\/div>\n\t\t<div class=\"elementor-element elementor-element-7b605c8 e-con-full e-flex e-con e-parent\" data-id=\"7b605c8\" data-element_type=\"container\" data-e-type=\"container\">\n\t\t<div class=\"elementor-element elementor-element-9b6fdc3 e-con-full e-flex e-con e-child\" data-id=\"9b6fdc3\" data-element_type=\"container\" data-e-type=\"container\">\n\t\t\t\t<div class=\"elementor-element elementor-element-efd394c elementor-widget elementor-widget-text-editor\" data-id=\"efd394c\" data-element_type=\"widget\" data-e-type=\"widget\" data-widget_type=\"text-editor.default\">\n\t\t\t\t<div class=\"elementor-widget-container\">\n\t\t\t\t\t\t\t\t\t<h3>L&#8217;entreprise Waldmeier &#8211; un r\u00eave d&#8217;enfant devenu r\u00e9alit\u00e9<\/h3><p>De nombreux r\u00eaves d&#8217;enfant restent des ch\u00e2teaux en l&#8217;air. Mais pas tous. M\u00eame si l&#8217;entreprise Waldmeier a des origines tr\u00e8s lointaines, elle repose sur des bases solides. Et ce, gr\u00e2ce \u00e0 son d\u00e9veloppement onirique. Elle a \u00e9t\u00e9 fond\u00e9e en 1955 par Othmar E. Waldmeier et Ruinell K. Sigg. Depuis des ann\u00e9es, Othmar Waldmeier importait et vendait des mod\u00e8les d&#8217;avions en bois des \u00c9tats-Unis. Mais maintenant le hobby s&#8217;est transform\u00e9 en professionnalisme. La premi\u00e8re agence g\u00e9n\u00e9rale a \u00e9t\u00e9 Berkley, suivie plus tard par Matchbox, Lindberg et d&#8217;autres. La cons\u00e9quence logique a \u00e9t\u00e9 d&#8217;atterrir sur un terrain solide et d&#8217;\u00e9tablir des racines en tant que soci\u00e9t\u00e9 commerciale solide. En 1956, la soci\u00e9t\u00e9 Waldmeier a \u00e9t\u00e9 transform\u00e9e en soci\u00e9t\u00e9 anonyme. Apr\u00e8s que le jeu se soit transform\u00e9 en s\u00e9rieux ludique et que le succ\u00e8s initial se soit \u00e9tendu, un \u00e9largissement est devenu in\u00e9vitable. En 1958, le si\u00e8ge de la soci\u00e9t\u00e9 a \u00e9t\u00e9 transf\u00e9r\u00e9 de St. Alban-Vorstadt 51 \u00e0 B\u00e2le \u00e0 la zone industrielle Auf dem Wolf 30 \u00e0 B\u00e2le.<\/p><h3>Waldmeier AG a son si\u00e8ge social \u00e0 Neuendorf, dans le canton de Soleure.<\/h3><p>Le r\u00f4le que joue Waldmeier SA dans le paysage suisse des jouets est remarquable. Depuis des ann\u00e9es, elle compte constamment parmi les importateurs de jouets leaders et ind\u00e9pendants de Suisse.<br \/>Mais le succ\u00e8s dans la course aux parts de march\u00e9 doit \u00eatre conquis de haute lutte ann\u00e9e apr\u00e8s ann\u00e9e. Heureusement, Waldmeier AG r\u00e9unit les meilleures conditions sur la piste de d\u00e9collage. L&#8217;une d&#8217;entre elles r\u00e9side dans le fait qu&#8217;elle est repr\u00e9sent\u00e9e par des marques connues dans les principaux groupes de produits de jouets. La qualit\u00e9 et la s\u00e9curit\u00e9 de la s\u00e9lection des produits sont des priorit\u00e9s absolues. Nous entretenons nos partenariats avec nos fournisseurs, parfois depuis des d\u00e9cennies. Nous exigeons des performances r\u00e9ciproques. Ce sont les fondements de notre succ\u00e8s.<\/p><h3>Objectifs<\/h3><p>L&#8217;objectif de Waldmeier AG est d&#8217;\u00eatre l&#8217;une des principales soci\u00e9t\u00e9s de commerce de jouets de marque et de qualit\u00e9, tant dans le domaine classique qu&#8217;\u00e9lectronique. Ce faisant, elle se concentre sur les repr\u00e9sentations de marques prometteuses, orient\u00e9es vers le moyen et le long terme, qui fabriquent des produits innovants dans le secteur des loisirs et des jouets.<br \/>En tant qu&#8217;importateur ind\u00e9pendant, Waldmeier AG suit de pr\u00e8s l&#8217;\u00e9volution du march\u00e9 et des canaux de vente et aligne ainsi ses strat\u00e9gies commerciales sur les d\u00e9veloppements pr\u00e9sentant un potentiel futur. Une fois qu&#8217;elle a choisi une marque, elle soutient la repr\u00e9sentation de cette marque avec toute son exp\u00e9rience, son engagement total et son dynamisme.<br \/>Ce faisant, le marketing professionnel de Waldmeier AG s&#8217;\u00e9tend \u00e0 tous les domaines d&#8217;activit\u00e9 et \u00e0 tous les canaux de vente jusqu&#8217;aux acheteurs. Il est tout aussi important de disposer d&#8217;une grande capacit\u00e9 de stockage, \u00e9quip\u00e9e des derni\u00e8res technologies informatiques et de processus logistiques appropri\u00e9s.<br \/>Toutefois, la r\u00e9ussite de Waldmeier AG repose \u00e9galement sur deux autres piliers importants. Du point de vue \u00e9conomique, il s&#8217;agit d&#8217;une politique de prix et de marges comp\u00e9titive et orient\u00e9e vers le marketing ; du point de vue \u00e9thique, c&#8217;est le sens de la responsabilit\u00e9 envers l&#8217;environnement et les consommateurs. Cette derni\u00e8re s&#8217;exprime par le fait que nous ne vendons que des produits qui r\u00e9pondent \u00e0 des normes de s\u00e9curit\u00e9 tr\u00e8s \u00e9lev\u00e9es et qui ont \u00e9t\u00e9 test\u00e9s par nos soins.<\/p>\t\t\t\t\t\t\t\t<\/div>\n\t\t\t\t<\/div>\n\t\t\t\t<\/div>\n\t\t\t\t<\/div>\n\t\t\t\t<\/div>\n\t\t","protected":false},"excerpt":{"rendered":"<p>Ch\u00e8re lectrice, cher lecteur Nous avons le plaisir de vous pr\u00e9senter l&#8217;entreprise Waldmeier SA.Maintenir avec succ\u00e8s sur le march\u00e9 une entreprise commerciale leader dans le [&hellip;]<\/p>\n","protected":false},"author":12,"featured_media":0,"parent":0,"menu_order":0,"comment_status":"closed","ping_status":"closed","template":"","meta":{"site-sidebar-layout":"default","site-content-layout":"","ast-site-content-layout":"default","site-content-style":"default","site-sidebar-style":"default","ast-global-header-display":"","ast-banner-title-visibility":"","ast-main-header-display":"","ast-hfb-above-header-display":"","ast-hfb-below-header-display":"","ast-hfb-mobile-header-display":"","site-post-title":"","ast-breadcrumbs-content":"","ast-featured-img":"","footer-sml-layout":"","ast-disable-related-posts":"","theme-transparent-header-meta":"","adv-header-id-meta":"","stick-header-meta":"","header-above-stick-meta":"","header-main-stick-meta":"","header-below-stick-meta":"","astra-migrate-meta-layouts":"default","ast-page-background-enabled":"default","ast-page-background-meta":{"desktop":{"background-color":"","background-image":"","background-repeat":"repeat","background-position":"center center","background-size":"auto","background-attachment":"scroll","background-type":"","background-media":"","overlay-type":"","overlay-color":"","overlay-opacity":"","overlay-gradient":""},"tablet":{"background-color":"","background-image":"","background-repeat":"repeat","background-position":"center center","background-size":"auto","background-attachment":"scroll","background-type":"","background-media":"","overlay-type":"","overlay-color":"","overlay-opacity":"","overlay-gradient":""},"mobile":{"background-color":"","background-image":"","background-repeat":"repeat","background-position":"center center","background-size":"auto","background-attachment":"scroll","background-type":"","background-media":"","overlay-type":"","overlay-color":"","overlay-opacity":"","overlay-gradient":""}},"ast-content-background-meta":{"desktop":{"background-color":"var(--ast-global-color-5)","background-image":"","background-repeat":"repeat","background-position":"center center","background-size":"auto","background-attachment":"scroll","background-type":"","background-media":"","overlay-type":"","overlay-color":"","overlay-opacity":"","overlay-gradient":""},"tablet":{"background-color":"var(--ast-global-color-5)","background-image":"","background-repeat":"repeat","background-position":"center center","background-size":"auto","background-attachment":"scroll","background-type":"","background-media":"","overlay-type":"","overlay-color":"","overlay-opacity":"","overlay-gradient":""},"mobile":{"background-color":"var(--ast-global-color-5)","background-image":"","background-repeat":"repeat","background-position":"center center","background-size":"auto","background-attachment":"scroll","background-type":"","background-media":"","overlay-type":"","overlay-color":"","overlay-opacity":"","overlay-gradient":""}},"footnotes":""},"class_list":["post-22","page","type-page","status-publish","hentry"],"_links":{"self":[{"href":"https:\/\/www.waldmeier.ch\/fr\/wp-json\/wp\/v2\/pages\/22","targetHints":{"allow":["GET"]}}],"collection":[{"href":"https:\/\/www.waldmeier.ch\/fr\/wp-json\/wp\/v2\/pages"}],"about":[{"href":"https:\/\/www.waldmeier.ch\/fr\/wp-json\/wp\/v2\/types\/page"}],"author":[{"embeddable":true,"href":"https:\/\/www.waldmeier.ch\/fr\/wp-json\/wp\/v2\/users\/12"}],"replies":[{"embeddable":true,"href":"https:\/\/www.waldmeier.ch\/fr\/wp-json\/wp\/v2\/comments?post=22"}],"version-history":[{"count":0,"href":"https:\/\/www.waldmeier.ch\/fr\/wp-json\/wp\/v2\/pages\/22\/revisions"}],"wp:attachment":[{"href":"https:\/\/www.waldmeier.ch\/fr\/wp-json\/wp\/v2\/media?parent=22"}],"curies":[{"name":"wp","href":"https:\/\/api.w.org\/{rel}","templated":true}]}}