{"id":1415,"date":"2018-07-27T15:48:59","date_gmt":"2018-07-27T14:48:59","guid":{"rendered":"https:\/\/www.waldmeier.ch\/fr\/?page_id=1415"},"modified":"2022-03-01T12:50:52","modified_gmt":"2022-03-01T11:50:52","slug":"declaration-de-confidentialite","status":"publish","type":"page","link":"https:\/\/www.waldmeier.ch\/fr\/declaration-de-confidentialite\/","title":{"rendered":"D\u00e9claration de confidentialit\u00e9"},"content":{"rendered":"<p><strong>Politique de confidentialit\u00e9 de Waldmeier SA<\/strong><\/p>\n<p>La soci\u00e9t\u00e9 Waldmeier correspond avec vous commercialement. Notre soci\u00e9t\u00e9 attache une grande importance \u00e0 la protection de la vie priv\u00e9e et au traitement juridiquement correct de vos donn\u00e9es personnelles et professionnelles. C&#8217;est pourquoi nous ne traitons ces donn\u00e9es que conform\u00e9ment aux lois en vigueur sur la protection des donn\u00e9es. Nous vous informons volontiers sur le traitement des donn\u00e9es de notre correspondance commerciale.<\/p>\n<p><strong>Quels sont les types de donn\u00e9es trait\u00e9es?<\/strong><\/p>\n<p><u>Clients de Waldmeier (revendeurs) <\/u><\/p>\n<p>Nous utilisons vos donn\u00e9es personnelles et commerciales pour vous identifier. Nous ne traitons que les donn\u00e9es que vous nous avez volontairement fournies. (E-mails, formulaires d\u2019enregistrement de clients, inscriptions \u00e0 la newsletter ou autres inscriptions \u00e0 des formations ou \u00e9v\u00e9nements). Nous enregistrons les donn\u00e9es suivantes: nom, adresses, langues de correspondance, num\u00e9ros de client, autres personnes de contact, e-mails et num\u00e9ros de t\u00e9l\u00e9phone, adresses Internet, donn\u00e9es relatives aux ventes et au chiffre d&#8217;affaires, donn\u00e9es comptables, affiliations \u00e0 des associations, etc.<\/p>\n<p>Dans certains cas, ces donn\u00e9es sont compl\u00e9t\u00e9es par des informations provenant de sources accessibles au public, comme les m\u00e9dias en ligne ou les informations trouv\u00e9es sur Internet, afin de garantir l\u2019actualit\u00e9 de ces donn\u00e9es.<\/p>\n<p><u>Particuliers<\/u><\/p>\n<p>Nous utilisons vos donn\u00e9es personnelles pour correspondre avec vous (demandes au sujet de produits ou de fournisseurs, demandes de garantie et de r\u00e9paration) ainsi que pour vous envoyer notre newsletter.<\/p>\n<p><strong>Comment vos donn\u00e9es sont-elles utilis\u00e9es?<\/strong><\/p>\n<p>Nous utilisons ces donn\u00e9es personnelles et commerciales pour nos t\u00e2ches administratives et notre relation commerciale avec vous. En particulier pour la communication et l&#8217;envoi des newsletters command\u00e9es, pour le traitement des processus commerciaux tels que les devis, les confirmations de commande, les processus logistiques, l&#8217;envoi de factures et de rappels. Mais aussi pour vous faire parvenir des invitations \u00e0 des \u00e9v\u00e9nements et pour soigner nos listes de contacts.<\/p>\n<p>Nous ne vendons pas de donn\u00e9es et ne les transmettons pas \u00e0 des tiers. Lors de la maintenance de notre syst\u00e8me informatique, il se peut que Waldmeier SA autorise \u00e0 ses partenaires l&#8217;acc\u00e8s \u00e0 certaines donn\u00e9es personnelles et commerciales.<\/p>\n<p><strong>Comment les donn\u00e9es sont-elles trait\u00e9es?<\/strong><\/p>\n<p>Lorsque nous traitons des donn\u00e9es personnelles et commerciales aux fins d\u00e9crites, nous comptons, entre autres, sur notre int\u00e9r\u00eat \u00e0 maintenir et \u00e0 g\u00e9rer notre relation commerciale et notre communication g\u00e9n\u00e9rale avec vous.<\/p>\n<p><strong>Comment prot\u00e9geons-nous vos donn\u00e9es?<\/strong><\/p>\n<p>Waldmeier SA utilise des mesures techniques et organisationnelles pour prot\u00e9ger vos donn\u00e9es contre la perte et l&#8217;acc\u00e8s non autoris\u00e9. Nous revoyons r\u00e9guli\u00e8rement nos politiques et proc\u00e9dures de s\u00e9curit\u00e9 pour nous assurer que notre syst\u00e8me est s\u00e9curis\u00e9. Dans le cas peu probable d&#8217;une mauvaise utilisation des donn\u00e9es, Waldmeier en informera ses partenaires commerciaux. Si vous soup\u00e7onnez que vos donn\u00e9es ne sont pas utilis\u00e9es de mani\u00e8re conforme ou qu&#8217;elles sont utilis\u00e9es par un organisme externe, veuillez nous contacter imm\u00e9diatement.<\/p>\n<p><strong>Site Web de Waldmeier<\/strong><\/p>\n<p><a href=\"https:\/\/www.waldmeier.ch\/fr\/complement-de-protection-des-donnees\/\" target=\"_blank\" rel=\"noopener\">&#8211;&gt;&gt; Nous renvoyons au document s\u00e9par\u00e9 concernant les applications du site Web Waldmeier. &lt;&lt;&#8211;<\/a><\/p>\n<p>Nos donn\u00e9es de contact:<\/p>\n<p>Waldmeier SA, Neustrasse 50, 4623 Neuendorf, t\u00e9l : 062\/ 387 98 18 et e-mail : info[at]Waldmeier.ch<\/p>\n<p>Meilleures salutations,<\/p>\n<p>Waldmeier SA<\/p>\n","protected":false},"excerpt":{"rendered":"<p>Politique de confidentialit\u00e9 de Waldmeier SA La soci\u00e9t\u00e9 Waldmeier correspond avec vous commercialement. Notre soci\u00e9t\u00e9 attache une grande importance \u00e0 la protection de la vie [&hellip;]<\/p>\n","protected":false},"author":12,"featured_media":0,"parent":0,"menu_order":0,"comment_status":"closed","ping_status":"closed","template":"elementor_theme","meta":{"site-sidebar-layout":"default","site-content-layout":"default","ast-site-content-layout":"default","site-content-style":"default","site-sidebar-style":"default","ast-global-header-display":"","ast-banner-title-visibility":"","ast-main-header-display":"","ast-hfb-above-header-display":"","ast-hfb-below-header-display":"","ast-hfb-mobile-header-display":"","site-post-title":"","ast-breadcrumbs-content":"","ast-featured-img":"","footer-sml-layout":"","ast-disable-related-posts":"","theme-transparent-header-meta":"","adv-header-id-meta":"","stick-header-meta":"","header-above-stick-meta":"","header-main-stick-meta":"","header-below-stick-meta":"","astra-migrate-meta-layouts":"default","ast-page-background-enabled":"default","ast-page-background-meta":{"desktop":{"background-color":"","background-image":"","background-repeat":"repeat","background-position":"center center","background-size":"auto","background-attachment":"scroll","background-type":"","background-media":"","overlay-type":"","overlay-color":"","overlay-opacity":"","overlay-gradient":""},"tablet":{"background-color":"","background-image":"","background-repeat":"repeat","background-position":"center center","background-size":"auto","background-attachment":"scroll","background-type":"","background-media":"","overlay-type":"","overlay-color":"","overlay-opacity":"","overlay-gradient":""},"mobile":{"background-color":"","background-image":"","background-repeat":"repeat","background-position":"center center","background-size":"auto","background-attachment":"scroll","background-type":"","background-media":"","overlay-type":"","overlay-color":"","overlay-opacity":"","overlay-gradient":""}},"ast-content-background-meta":{"desktop":{"background-color":"var(--ast-global-color-5)","background-image":"","background-repeat":"repeat","background-position":"center center","background-size":"auto","background-attachment":"scroll","background-type":"","background-media":"","overlay-type":"","overlay-color":"","overlay-opacity":"","overlay-gradient":""},"tablet":{"background-color":"var(--ast-global-color-5)","background-image":"","background-repeat":"repeat","background-position":"center center","background-size":"auto","background-attachment":"scroll","background-type":"","background-media":"","overlay-type":"","overlay-color":"","overlay-opacity":"","overlay-gradient":""},"mobile":{"background-color":"var(--ast-global-color-5)","background-image":"","background-repeat":"repeat","background-position":"center center","background-size":"auto","background-attachment":"scroll","background-type":"","background-media":"","overlay-type":"","overlay-color":"","overlay-opacity":"","overlay-gradient":""}},"footnotes":""},"class_list":["post-1415","page","type-page","status-publish","hentry"],"_links":{"self":[{"href":"https:\/\/www.waldmeier.ch\/fr\/wp-json\/wp\/v2\/pages\/1415","targetHints":{"allow":["GET"]}}],"collection":[{"href":"https:\/\/www.waldmeier.ch\/fr\/wp-json\/wp\/v2\/pages"}],"about":[{"href":"https:\/\/www.waldmeier.ch\/fr\/wp-json\/wp\/v2\/types\/page"}],"author":[{"embeddable":true,"href":"https:\/\/www.waldmeier.ch\/fr\/wp-json\/wp\/v2\/users\/12"}],"replies":[{"embeddable":true,"href":"https:\/\/www.waldmeier.ch\/fr\/wp-json\/wp\/v2\/comments?post=1415"}],"version-history":[{"count":0,"href":"https:\/\/www.waldmeier.ch\/fr\/wp-json\/wp\/v2\/pages\/1415\/revisions"}],"wp:attachment":[{"href":"https:\/\/www.waldmeier.ch\/fr\/wp-json\/wp\/v2\/media?parent=1415"}],"curies":[{"name":"wp","href":"https:\/\/api.w.org\/{rel}","templated":true}]}}